{"id":484,"date":"2021-11-04T22:33:56","date_gmt":"2021-11-04T21:33:56","guid":{"rendered":"https:\/\/wohnungsverein-gm.de\/wordpress\/?page_id=484"},"modified":"2021-11-08T00:22:52","modified_gmt":"2021-11-07T23:22:52","slug":"ueber-uns","status":"publish","type":"page","link":"https:\/\/wohnungsverein-gm.de\/wordpress\/ueber-uns\/","title":{"rendered":"\u00dcber uns"},"content":{"rendered":"\t\t<div data-elementor-type=\"wp-page\" data-elementor-id=\"484\" class=\"elementor elementor-484\" data-elementor-post-type=\"page\">\n\t\t\t\t\t\t\t\t\t<section class=\"elementor-section elementor-top-section elementor-element elementor-element-3ff4b37 elementor-section-boxed elementor-section-height-default elementor-section-height-default\" data-id=\"3ff4b37\" data-element_type=\"section\" data-settings=\"{&quot;background_background&quot;:&quot;classic&quot;,&quot;background_motion_fx_motion_fx_scrolling&quot;:&quot;yes&quot;,&quot;background_motion_fx_devices&quot;:[&quot;desktop&quot;,&quot;tablet&quot;,&quot;mobile&quot;]}\">\n\t\t\t\t\t\t\t<div class=\"elementor-background-overlay\"><\/div>\n\t\t\t\t\t\t\t<div class=\"elementor-container elementor-column-gap-default\">\n\t\t\t\t\t<div class=\"elementor-column elementor-col-100 elementor-top-column elementor-element elementor-element-3192c34\" data-id=\"3192c34\" data-element_type=\"column\">\n\t\t\t<div class=\"elementor-widget-wrap elementor-element-populated\">\n\t\t\t\t\t\t\t\t<div class=\"elementor-element elementor-element-624166d elementor-widget elementor-widget-text-editor\" data-id=\"624166d\" data-element_type=\"widget\" data-widget_type=\"text-editor.default\">\n\t\t\t\t<div class=\"elementor-widget-container\">\n\t\t\t\t\t\t\t<p><strong><span style=\"color: #000000;\">Das Ziel des Gemeinn\u00fctzigen Wohnungsverein Gummersbach eG ist es, <\/span><\/strong><br \/><strong><span style=\"color: #000000;\">preisg\u00fcnstigen Wohnraum f\u00fcr ihre Mitglieder zu schaffen und zu erhalten. Eine wirtschaftliche und gleichzeitig sozial verantwortbare Wohnungsversorgung soll unseren Mitgliedern auch langfristig bezahlbare Mieten sichern.<\/span><\/strong><\/p><p><strong><span style=\"color: #000000;\">Die Arbeit des Gemeinn\u00fctzigen Wohnungsverein Gummersbach eG ist nicht vorrangig darauf ausgerichtet, Gewinne zu erzielen. \u00dcbersch\u00fcsse sollen auf Dauer in der Genossenschaft verbleiben; sie sollen der Sicherung und Verbesserung des Bestandes dienen.<\/span><\/strong><\/p><p><strong><span style=\"color: #000000;\">Der Gemeinn\u00fctzige Wohnungsverein Gummersbach eG richtet sein Handeln danach aus, dass ihre Mitglieder in ihrer Selbsthilfe, Selbstverantwortung und ihrem nachbarschaftlichen Wirken best\u00e4rkt werden. Gemeinn\u00fctziger Wohnungsverein Gummersbach eG kommuniziert ihre unternehmerischen Entscheidungen transparent und nachvollziehbar.<\/span><\/strong><\/p>\t\t\t\t\t\t<\/div>\n\t\t\t\t<\/div>\n\t\t\t\t\t<\/div>\n\t\t<\/div>\n\t\t\t\t\t\t\t<\/div>\n\t\t<\/section>\n\t\t\t\t<section class=\"elementor-section elementor-top-section elementor-element elementor-element-2186499 elementor-section-boxed elementor-section-height-default elementor-section-height-default\" data-id=\"2186499\" data-element_type=\"section\" data-settings=\"{&quot;background_background&quot;:&quot;classic&quot;}\">\n\t\t\t\t\t\t<div class=\"elementor-container elementor-column-gap-default\">\n\t\t\t\t\t<div class=\"elementor-column elementor-col-100 elementor-top-column elementor-element elementor-element-448813f\" data-id=\"448813f\" data-element_type=\"column\">\n\t\t\t<div class=\"elementor-widget-wrap elementor-element-populated\">\n\t\t\t\t\t\t\t\t<div class=\"elementor-element elementor-element-5334986 elementor-nav-menu--dropdown-tablet elementor-nav-menu__text-align-aside elementor-nav-menu--toggle elementor-nav-menu--burger elementor-widget elementor-widget-nav-menu\" data-id=\"5334986\" data-element_type=\"widget\" data-settings=\"{&quot;layout&quot;:&quot;horizontal&quot;,&quot;submenu_icon&quot;:{&quot;value&quot;:&quot;&lt;i class=\\&quot;fas fa-caret-down\\&quot;&gt;&lt;\\\/i&gt;&quot;,&quot;library&quot;:&quot;fa-solid&quot;},&quot;toggle&quot;:&quot;burger&quot;}\" data-widget_type=\"nav-menu.default\">\n\t\t\t\t<div class=\"elementor-widget-container\">\n\t\t\t\t\t\t<nav class=\"elementor-nav-menu--main elementor-nav-menu__container elementor-nav-menu--layout-horizontal e--pointer-text e--animation-grow\">\n\t\t\t\t<ul id=\"menu-1-5334986\" class=\"elementor-nav-menu\"><li class=\"menu-item menu-item-type-post_type menu-item-object-page menu-item-home menu-item-1379\"><a href=\"https:\/\/wohnungsverein-gm.de\/wordpress\/\" class=\"elementor-item\">Startseite<\/a><\/li>\n<li class=\"menu-item menu-item-type-post_type menu-item-object-page menu-item-490\"><a href=\"https:\/\/wohnungsverein-gm.de\/wordpress\/ueber-uns\/\" class=\"elementor-item\">\u00dcber uns<\/a><\/li>\n<li class=\"menu-item menu-item-type-post_type menu-item-object-page menu-item-498\"><a href=\"https:\/\/wohnungsverein-gm.de\/wordpress\/impressum\/\" class=\"elementor-item\">Impressum<\/a><\/li>\n<li class=\"menu-item menu-item-type-post_type menu-item-object-page menu-item-608\"><a href=\"https:\/\/wohnungsverein-gm.de\/wordpress\/datenschutzerklaerung\/\" class=\"elementor-item\">Datenschutzerkl\u00e4rung<\/a><\/li>\n<li class=\"menu-item menu-item-type-post_type menu-item-object-page menu-item-1063\"><a href=\"https:\/\/wohnungsverein-gm.de\/wordpress\/download\/\" class=\"elementor-item\">Download<\/a><\/li>\n<\/ul>\t\t\t<\/nav>\n\t\t\t\t\t<div class=\"elementor-menu-toggle\" role=\"button\" tabindex=\"0\" aria-label=\"Men\u00fc Umschalter\" aria-expanded=\"false\">\n\t\t\t<i aria-hidden=\"true\" role=\"presentation\" class=\"elementor-menu-toggle__icon--open eicon-menu-bar\"><\/i><i aria-hidden=\"true\" role=\"presentation\" class=\"elementor-menu-toggle__icon--close eicon-close\"><\/i>\t\t\t<span class=\"elementor-screen-only\">Men\u00fc<\/span>\n\t\t<\/div>\n\t\t\t\t\t<nav class=\"elementor-nav-menu--dropdown elementor-nav-menu__container\" aria-hidden=\"true\">\n\t\t\t\t<ul id=\"menu-2-5334986\" class=\"elementor-nav-menu\"><li class=\"menu-item menu-item-type-post_type menu-item-object-page menu-item-home menu-item-1379\"><a href=\"https:\/\/wohnungsverein-gm.de\/wordpress\/\" class=\"elementor-item\" tabindex=\"-1\">Startseite<\/a><\/li>\n<li class=\"menu-item menu-item-type-post_type menu-item-object-page menu-item-490\"><a href=\"https:\/\/wohnungsverein-gm.de\/wordpress\/ueber-uns\/\" class=\"elementor-item\" tabindex=\"-1\">\u00dcber uns<\/a><\/li>\n<li class=\"menu-item menu-item-type-post_type menu-item-object-page menu-item-498\"><a href=\"https:\/\/wohnungsverein-gm.de\/wordpress\/impressum\/\" class=\"elementor-item\" tabindex=\"-1\">Impressum<\/a><\/li>\n<li class=\"menu-item menu-item-type-post_type menu-item-object-page menu-item-608\"><a href=\"https:\/\/wohnungsverein-gm.de\/wordpress\/datenschutzerklaerung\/\" class=\"elementor-item\" tabindex=\"-1\">Datenschutzerkl\u00e4rung<\/a><\/li>\n<li class=\"menu-item menu-item-type-post_type menu-item-object-page menu-item-1063\"><a href=\"https:\/\/wohnungsverein-gm.de\/wordpress\/download\/\" class=\"elementor-item\" tabindex=\"-1\">Download<\/a><\/li>\n<\/ul>\t\t\t<\/nav>\n\t\t\t\t<\/div>\n\t\t\t\t<\/div>\n\t\t\t\t\t<\/div>\n\t\t<\/div>\n\t\t\t\t\t\t\t<\/div>\n\t\t<\/section>\n\t\t\t\t\t\t\t<\/div>\n\t\t","protected":false},"excerpt":{"rendered":"<p>Das Ziel des Gemeinn\u00fctzigen Wohnungsverein Gummersbach eG ist es, preisg\u00fcnstigen Wohnraum f\u00fcr ihre Mitglieder zu schaffen und zu erhalten. Eine wirtschaftliche und gleichzeitig sozial verantwortbare Wohnungsversorgung soll unseren Mitgliedern auch langfristig bezahlbare Mieten sichern. Die Arbeit des Gemeinn\u00fctzigen Wohnungsverein Gummersbach eG ist nicht vorrangig darauf ausgerichtet, Gewinne zu erzielen. \u00dcbersch\u00fcsse sollen auf Dauer in der [&hellip;]<\/p>\n","protected":false},"author":1,"featured_media":0,"parent":0,"menu_order":0,"comment_status":"closed","ping_status":"closed","template":"elementor_canvas","meta":{"ocean_post_layout":"","ocean_both_sidebars_style":"","ocean_both_sidebars_content_width":0,"ocean_both_sidebars_sidebars_width":0,"ocean_sidebar":"0","ocean_second_sidebar":"0","ocean_disable_margins":"enable","ocean_add_body_class":"","ocean_shortcode_before_top_bar":"","ocean_shortcode_after_top_bar":"","ocean_shortcode_before_header":"","ocean_shortcode_after_header":"","ocean_has_shortcode":"","ocean_shortcode_after_title":"","ocean_shortcode_before_footer_widgets":"","ocean_shortcode_after_footer_widgets":"","ocean_shortcode_before_footer_bottom":"","ocean_shortcode_after_footer_bottom":"","ocean_display_top_bar":"default","ocean_display_header":"default","ocean_header_style":"","ocean_center_header_left_menu":"0","ocean_custom_header_template":"0","ocean_custom_logo":0,"ocean_custom_retina_logo":0,"ocean_custom_logo_max_width":0,"ocean_custom_logo_tablet_max_width":0,"ocean_custom_logo_mobile_max_width":0,"ocean_custom_logo_max_height":0,"ocean_custom_logo_tablet_max_height":0,"ocean_custom_logo_mobile_max_height":0,"ocean_header_custom_menu":"0","ocean_menu_typo_font_family":"0","ocean_menu_typo_font_subset":"","ocean_menu_typo_font_size":0,"ocean_menu_typo_font_size_tablet":0,"ocean_menu_typo_font_size_mobile":0,"ocean_menu_typo_font_size_unit":"px","ocean_menu_typo_font_weight":"","ocean_menu_typo_font_weight_tablet":"","ocean_menu_typo_font_weight_mobile":"","ocean_menu_typo_transform":"","ocean_menu_typo_transform_tablet":"","ocean_menu_typo_transform_mobile":"","ocean_menu_typo_line_height":0,"ocean_menu_typo_line_height_tablet":0,"ocean_menu_typo_line_height_mobile":0,"ocean_menu_typo_line_height_unit":"","ocean_menu_typo_spacing":0,"ocean_menu_typo_spacing_tablet":0,"ocean_menu_typo_spacing_mobile":0,"ocean_menu_typo_spacing_unit":"","ocean_menu_link_color":"","ocean_menu_link_color_hover":"","ocean_menu_link_color_active":"","ocean_menu_link_background":"","ocean_menu_link_hover_background":"","ocean_menu_link_active_background":"","ocean_menu_social_links_bg":"","ocean_menu_social_hover_links_bg":"","ocean_menu_social_links_color":"","ocean_menu_social_hover_links_color":"","ocean_disable_title":"default","ocean_disable_heading":"default","ocean_post_title":"","ocean_post_subheading":"","ocean_post_title_style":"","ocean_post_title_background_color":"","ocean_post_title_background":0,"ocean_post_title_bg_image_position":"","ocean_post_title_bg_image_attachment":"","ocean_post_title_bg_image_repeat":"","ocean_post_title_bg_image_size":"","ocean_post_title_height":0,"ocean_post_title_bg_overlay":0.5,"ocean_post_title_bg_overlay_color":"","ocean_disable_breadcrumbs":"default","ocean_breadcrumbs_color":"","ocean_breadcrumbs_separator_color":"","ocean_breadcrumbs_links_color":"","ocean_breadcrumbs_links_hover_color":"","ocean_display_footer_widgets":"default","ocean_display_footer_bottom":"default","ocean_custom_footer_template":"0"},"_links":{"self":[{"href":"https:\/\/wohnungsverein-gm.de\/wordpress\/wp-json\/wp\/v2\/pages\/484"}],"collection":[{"href":"https:\/\/wohnungsverein-gm.de\/wordpress\/wp-json\/wp\/v2\/pages"}],"about":[{"href":"https:\/\/wohnungsverein-gm.de\/wordpress\/wp-json\/wp\/v2\/types\/page"}],"author":[{"embeddable":true,"href":"https:\/\/wohnungsverein-gm.de\/wordpress\/wp-json\/wp\/v2\/users\/1"}],"replies":[{"embeddable":true,"href":"https:\/\/wohnungsverein-gm.de\/wordpress\/wp-json\/wp\/v2\/comments?post=484"}],"version-history":[{"count":61,"href":"https:\/\/wohnungsverein-gm.de\/wordpress\/wp-json\/wp\/v2\/pages\/484\/revisions"}],"predecessor-version":[{"id":1439,"href":"https:\/\/wohnungsverein-gm.de\/wordpress\/wp-json\/wp\/v2\/pages\/484\/revisions\/1439"}],"wp:attachment":[{"href":"https:\/\/wohnungsverein-gm.de\/wordpress\/wp-json\/wp\/v2\/media?parent=484"}],"curies":[{"name":"wp","href":"https:\/\/api.w.org\/{rel}","templated":true}]}}